{"id":13610,"date":"2018-08-24T16:47:34","date_gmt":"2018-08-24T14:47:34","guid":{"rendered":"https:\/\/marzorati.com\/?page_id=13610"},"modified":"2025-05-25T11:41:22","modified_gmt":"2025-05-25T09:41:22","slug":"verabredungen","status":"publish","type":"page","link":"https:\/\/marzorati.com\/de\/verabredungen\/","title":{"rendered":"Verabredungen"},"content":{"rendered":"<style>.kb-row-layout-id13610_98924d-7e > .kt-row-column-wrap{align-content:start;}:where(.kb-row-layout-id13610_98924d-7e > .kt-row-column-wrap) > .wp-block-kadence-column{justify-content:start;}.kb-row-layout-id13610_98924d-7e > .kt-row-column-wrap{column-gap:var(--global-kb-gap-none, 0rem );row-gap:var(--global-kb-gap-none, 0rem );padding-top:0px;padding-right:0px;padding-bottom:0px;padding-left:0px;grid-template-columns:minmax(0, 1fr);}.kb-row-layout-id13610_98924d-7e > .kt-row-layout-overlay{opacity:0.30;}@media all and (max-width: 1024px){.kb-row-layout-id13610_98924d-7e > .kt-row-column-wrap{grid-template-columns:minmax(0, 1fr);}}@media all and (max-width: 767px){.kb-row-layout-id13610_98924d-7e > .kt-row-column-wrap{grid-template-columns:minmax(0, 1fr);}}<\/style><div class=\"kb-row-layout-wrap kb-row-layout-id13610_98924d-7e alignfull wp-block-kadence-rowlayout\"><div class=\"kt-row-column-wrap kt-has-1-columns kt-row-layout-equal kt-tab-layout-inherit kt-mobile-layout-row kt-row-valign-top\">\n<style>.kadence-column13610_43d2eb-d3 > .kt-inside-inner-col{padding-top:var(--global-kb-spacing-3xl, 6.5rem);padding-bottom:var(--global-kb-spacing-xl, 4rem);}.kadence-column13610_43d2eb-d3 > .kt-inside-inner-col,.kadence-column13610_43d2eb-d3 > .kt-inside-inner-col:before{border-top-left-radius:0px;border-top-right-radius:0px;border-bottom-right-radius:0px;border-bottom-left-radius:0px;}.kadence-column13610_43d2eb-d3 > .kt-inside-inner-col{column-gap:0px;}.kadence-column13610_43d2eb-d3 > .kt-inside-inner-col{flex-direction:column;}.kadence-column13610_43d2eb-d3 > .kt-inside-inner-col > .aligncenter{width:100%;}.kadence-column13610_43d2eb-d3 > .kt-inside-inner-col{background-image:url('https:\/\/marzorati.com\/wp-content\/uploads\/2024\/09\/appuntamento.webp');background-size:cover;background-position:50% 50%;background-attachment:scroll;background-repeat:no-repeat;}.kadence-column13610_43d2eb-d3 > .kt-inside-inner-col:before{opacity:0.4;background-color:#1b202c;}.kadence-column13610_43d2eb-d3{text-align:left;}.kadence-column13610_43d2eb-d3{position:relative;}.kadence-column13610_43d2eb-d3, .kt-inside-inner-col > .kadence-column13610_43d2eb-d3:not(.specificity){margin-right:0px;margin-left:0px;}@media all and (max-width: 1024px){.kadence-column13610_43d2eb-d3 > .kt-inside-inner-col{padding-top:var(--global-kb-spacing-3xl, 6.5rem);padding-right:var(--global-kb-spacing-md, 2rem);padding-bottom:var(--global-kb-spacing-md, 2rem);padding-left:var(--global-kb-spacing-md, 2rem);flex-direction:column;justify-content:center;}}@media all and (max-width: 767px){.kadence-column13610_43d2eb-d3 > .kt-inside-inner-col{flex-direction:column;justify-content:center;}}<\/style>\n<div class=\"wp-block-kadence-column kadence-column13610_43d2eb-d3 kb-section-has-overlay kb-section-dir-vertical\"><div class=\"kt-inside-inner-col\"><style>.kb-row-layout-id13610_5a0b5b-95 > .kt-row-column-wrap{align-content:start;}:where(.kb-row-layout-id13610_5a0b5b-95 > .kt-row-column-wrap) > .wp-block-kadence-column{justify-content:start;}.kb-row-layout-id13610_5a0b5b-95 > .kt-row-column-wrap{column-gap:var(--global-kb-gap-md, 2rem);row-gap:var(--global-kb-gap-md, 2rem);max-width:var( --global-content-width, 1290px );padding-left:var(--global-content-edge-padding);padding-right:var(--global-content-edge-padding);padding-top:var(--global-kb-spacing-sm, 1.5rem);padding-bottom:var(--global-kb-spacing-sm, 1.5rem);grid-template-columns:repeat(2, minmax(0, 1fr));}.kb-row-layout-id13610_5a0b5b-95 > .kt-row-layout-overlay{opacity:0.30;}@media all and (max-width: 1024px){.kb-row-layout-id13610_5a0b5b-95 > .kt-row-column-wrap{grid-template-columns:minmax(0, 1fr);}}@media all and (max-width: 767px){.kb-row-layout-id13610_5a0b5b-95 > .kt-row-column-wrap{grid-template-columns:minmax(0, 1fr);}}<\/style><div class=\"kb-row-layout-wrap kb-row-layout-id13610_5a0b5b-95 alignnone wp-block-kadence-rowlayout\"><div class=\"kt-row-column-wrap kt-has-2-columns kt-row-layout-equal kt-tab-layout-row kt-mobile-layout-row kt-row-valign-top kb-theme-content-width\">\n<style>.kadence-column13610_6fb550-0f > .kt-inside-inner-col,.kadence-column13610_6fb550-0f > .kt-inside-inner-col:before{border-top-left-radius:0px;border-top-right-radius:0px;border-bottom-right-radius:0px;border-bottom-left-radius:0px;}.kadence-column13610_6fb550-0f > .kt-inside-inner-col{column-gap:var(--global-kb-gap-sm, 1rem);}.kadence-column13610_6fb550-0f > .kt-inside-inner-col{flex-direction:column;}.kadence-column13610_6fb550-0f > .kt-inside-inner-col > .aligncenter{width:100%;}.kadence-column13610_6fb550-0f > .kt-inside-inner-col:before{opacity:0.3;}.kadence-column13610_6fb550-0f{position:relative;}@media all and (max-width: 1024px){.kadence-column13610_6fb550-0f > .kt-inside-inner-col{flex-direction:column;justify-content:center;}}@media all and (max-width: 767px){.kadence-column13610_6fb550-0f > .kt-inside-inner-col{flex-direction:column;justify-content:center;}}<\/style>\n<div class=\"wp-block-kadence-column kadence-column13610_6fb550-0f kb-section-dir-vertical\"><div class=\"kt-inside-inner-col\"><style>.wp-block-kadence-advancedheading.kt-adv-heading13610_c3e827-bc, .wp-block-kadence-advancedheading.kt-adv-heading13610_c3e827-bc[data-kb-block=\"kb-adv-heading13610_c3e827-bc\"]{max-width:620px;font-size:var(--global-kb-font-size-sm, 0.9rem);font-style:normal;text-transform:uppercase;color:#fefefe;}.wp-block-kadence-advancedheading.kt-adv-heading13610_c3e827-bc mark.kt-highlight, .wp-block-kadence-advancedheading.kt-adv-heading13610_c3e827-bc[data-kb-block=\"kb-adv-heading13610_c3e827-bc\"] mark.kt-highlight{font-style:normal;color:#f76a0c;-webkit-box-decoration-break:clone;box-decoration-break:clone;padding-top:0px;padding-right:0px;padding-bottom:0px;padding-left:0px;}.wp-block-kadence-advancedheading.kt-adv-heading13610_c3e827-bc img.kb-inline-image, .wp-block-kadence-advancedheading.kt-adv-heading13610_c3e827-bc[data-kb-block=\"kb-adv-heading13610_c3e827-bc\"] img.kb-inline-image{width:150px;vertical-align:baseline;}<\/style>\n<p class=\"kt-adv-heading13610_c3e827-bc wp-block-kadence-advancedheading\" data-kb-block=\"kb-adv-heading13610_c3e827-bc\">ANFRAGE F\u00dcR EINEN TERMIN<\/p>\n\n\n<style>.wp-block-kadence-advancedheading.kt-adv-heading13610_aaaa30-cd, .wp-block-kadence-advancedheading.kt-adv-heading13610_aaaa30-cd[data-kb-block=\"kb-adv-heading13610_aaaa30-cd\"]{max-width:620px;margin-top:var(--global-kb-spacing-sm, 1.5rem);font-size:var(--global-kb-font-size-xxl, 4rem);line-height:1;font-style:normal;color:#fefefe;}.wp-block-kadence-advancedheading.kt-adv-heading13610_aaaa30-cd mark.kt-highlight, .wp-block-kadence-advancedheading.kt-adv-heading13610_aaaa30-cd[data-kb-block=\"kb-adv-heading13610_aaaa30-cd\"] mark.kt-highlight{font-style:normal;color:#f76a0c;-webkit-box-decoration-break:clone;box-decoration-break:clone;padding-top:0px;padding-right:0px;padding-bottom:0px;padding-left:0px;}.wp-block-kadence-advancedheading.kt-adv-heading13610_aaaa30-cd img.kb-inline-image, .wp-block-kadence-advancedheading.kt-adv-heading13610_aaaa30-cd[data-kb-block=\"kb-adv-heading13610_aaaa30-cd\"] img.kb-inline-image{width:150px;vertical-align:baseline;}<\/style>\n<h2 class=\"kt-adv-heading13610_aaaa30-cd wp-block-kadence-advancedheading\" data-kb-block=\"kb-adv-heading13610_aaaa30-cd\">Treffen vereinbaren<\/h2>\n\n\n<style>.wp-block-kadence-advancedheading.kt-adv-heading13610_d077ac-2d, .wp-block-kadence-advancedheading.kt-adv-heading13610_d077ac-2d[data-kb-block=\"kb-adv-heading13610_d077ac-2d\"]{padding-top:var(--global-kb-spacing-xs, 1rem);padding-bottom:var(--global-kb-spacing-xxs, 0.5rem);margin-top:0px;margin-bottom:0px;text-align:left;font-style:normal;text-shadow:1px 1px 1px rgba(0, 0, 0, 0.2);}.wp-block-kadence-advancedheading.kt-adv-heading13610_d077ac-2d mark.kt-highlight, .wp-block-kadence-advancedheading.kt-adv-heading13610_d077ac-2d[data-kb-block=\"kb-adv-heading13610_d077ac-2d\"] mark.kt-highlight{font-style:normal;color:#f76a0c;-webkit-box-decoration-break:clone;box-decoration-break:clone;padding-top:0px;padding-right:0px;padding-bottom:0px;padding-left:0px;}.wp-block-kadence-advancedheading.kt-adv-heading13610_d077ac-2d img.kb-inline-image, .wp-block-kadence-advancedheading.kt-adv-heading13610_d077ac-2d[data-kb-block=\"kb-adv-heading13610_d077ac-2d\"] img.kb-inline-image{width:150px;vertical-align:baseline;}@media all and (max-width: 1024px){.wp-block-kadence-advancedheading.kt-adv-heading13610_d077ac-2d, .wp-block-kadence-advancedheading.kt-adv-heading13610_d077ac-2d[data-kb-block=\"kb-adv-heading13610_d077ac-2d\"]{text-shadow:1px 1px 1px rgba(0, 0, 0, 0.2);}}@media all and (max-width: 767px){.wp-block-kadence-advancedheading.kt-adv-heading13610_d077ac-2d, .wp-block-kadence-advancedheading.kt-adv-heading13610_d077ac-2d[data-kb-block=\"kb-adv-heading13610_d077ac-2d\"]{text-shadow:1px 1px 1px rgba(0, 0, 0, 0.2);}}<\/style>\n<p class=\"kt-adv-heading13610_d077ac-2d wp-block-kadence-advancedheading has-theme-palette-9-color has-text-color\" data-kb-block=\"kb-adv-heading13610_d077ac-2d\">Nach vorheriger Vereinbarung k\u00f6nnen Sie uns in unserem B\u00fcro in Figino Serenza (Italien) gemeinsam mit einem unserer Vertriebsmitarbeiter oder Berater besuchen.<\/p>\n<\/div><\/div>\n\n\n<style>.kadence-column13610_3e354d-1a > .kt-inside-inner-col,.kadence-column13610_3e354d-1a > .kt-inside-inner-col:before{border-top-left-radius:0px;border-top-right-radius:0px;border-bottom-right-radius:0px;border-bottom-left-radius:0px;}.kadence-column13610_3e354d-1a > .kt-inside-inner-col{column-gap:var(--global-kb-gap-sm, 1rem);}.kadence-column13610_3e354d-1a > .kt-inside-inner-col{flex-direction:column;}.kadence-column13610_3e354d-1a > .kt-inside-inner-col > .aligncenter{width:100%;}.kadence-column13610_3e354d-1a > .kt-inside-inner-col:before{opacity:0.3;}.kadence-column13610_3e354d-1a{position:relative;}@media all and (max-width: 1024px){.kadence-column13610_3e354d-1a > .kt-inside-inner-col{flex-direction:column;justify-content:center;}}@media all and (max-width: 767px){.kadence-column13610_3e354d-1a > .kt-inside-inner-col{flex-direction:column;justify-content:center;}}<\/style>\n<div class=\"wp-block-kadence-column kadence-column13610_3e354d-1a\"><div class=\"kt-inside-inner-col\"><\/div><\/div>\n\n<\/div><\/div><\/div><\/div>\n\n<\/div><\/div>\n\n<style>.kb-row-layout-id13610_574de8-05 > .kt-row-column-wrap{align-content:start;}:where(.kb-row-layout-id13610_574de8-05 > .kt-row-column-wrap) > .wp-block-kadence-column{justify-content:start;}.kb-row-layout-id13610_574de8-05 > .kt-row-column-wrap{column-gap:var(--global-kb-gap-lg, 4rem);row-gap:var(--global-kb-gap-md, 2rem);max-width:var( --global-content-width, 1290px );padding-left:var(--global-content-edge-padding);padding-right:var(--global-content-edge-padding);padding-top:var(--global-kb-spacing-xl, 4rem);padding-right:var(--global-kb-spacing-sm, 1.5rem);padding-bottom:var(--global-kb-spacing-xxl, 5rem);padding-left:var(--global-kb-spacing-sm, 1.5rem);grid-template-columns:minmax(0, calc(40% - ((var(--global-kb-gap-lg, 4rem) * 1 )\/2)))minmax(0, calc(60% - ((var(--global-kb-gap-lg, 4rem) * 1 )\/2)));}.kb-row-layout-id13610_574de8-05 > .kt-row-layout-overlay{opacity:0.30;}@media all and (max-width: 1024px){.kb-row-layout-id13610_574de8-05 > .kt-row-column-wrap{padding-top:var(--global-kb-spacing-xl, 4rem);grid-template-columns:minmax(0, 1fr);}}@media all and (max-width: 767px){.kb-row-layout-id13610_574de8-05 > .kt-row-column-wrap{padding-top:var(--global-kb-spacing-xl, 4rem);grid-template-columns:minmax(0, 1fr);}}<\/style><div class=\"kb-row-layout-wrap kb-row-layout-id13610_574de8-05 alignfull has-theme-palette9-background-color kt-row-has-bg wp-block-kadence-rowlayout\"><div class=\"kt-row-column-wrap kt-has-2-columns kt-row-layout-right-golden kt-tab-layout-row kt-mobile-layout-row kt-row-valign-top kb-theme-content-width\">\n<style>#wrapper.site{overflow:clip;}.kadence-column13610_66f263-a1 > .kt-inside-inner-col,.kadence-column13610_66f263-a1 > .kt-inside-inner-col:before{border-top-left-radius:0px;border-top-right-radius:0px;border-bottom-right-radius:0px;border-bottom-left-radius:0px;}.kadence-column13610_66f263-a1 > .kt-inside-inner-col{column-gap:var(--global-kb-gap-sm, 1rem);}.kadence-column13610_66f263-a1 > .kt-inside-inner-col{flex-direction:column;}.kadence-column13610_66f263-a1 > .kt-inside-inner-col > .aligncenter{width:100%;}.kadence-column13610_66f263-a1 > .kt-inside-inner-col:before{opacity:0.3;}.kadence-column13610_66f263-a1{position:relative;}@media all and (max-width: 1024px){.kadence-column13610_66f263-a1 > .kt-inside-inner-col{flex-direction:column;justify-content:center;}}@media all and (max-width: 767px){.kadence-column13610_66f263-a1 > .kt-inside-inner-col{flex-direction:column;justify-content:center;}}<\/style>\n<div class=\"wp-block-kadence-column kadence-column13610_66f263-a1 kb-section-is-sticky\"><div class=\"kt-inside-inner-col\"><style>.wp-block-kadence-column.kb-section-dir-horizontal > .kt-inside-inner-col > .kt-info-box13610_c74059-52 .kt-blocks-info-box-link-wrap{max-width:unset;}.kt-info-box13610_c74059-52 .kt-blocks-info-box-link-wrap{border-top:1px solid var(--global-palette6, #718096);border-right:1px solid var(--global-palette6, #718096);border-bottom:1px solid var(--global-palette6, #718096);border-left:1px solid var(--global-palette6, #718096);border-top-left-radius:6px;border-top-right-radius:6px;border-bottom-right-radius:6px;border-bottom-left-radius:6px;background:#ffffff;padding-top:var(--global-kb-spacing-sm, 1.5rem);padding-right:var(--global-kb-spacing-sm, 1.5rem);padding-bottom:var(--global-kb-spacing-sm, 1.5rem);padding-left:var(--global-kb-spacing-sm, 1.5rem);margin-top:50px;}.kt-info-box13610_c74059-52 .kadence-info-box-icon-container .kt-info-svg-icon, .kt-info-box13610_c74059-52 .kt-info-svg-icon-flip, .kt-info-box13610_c74059-52 .kt-blocks-info-box-number{font-size:60px;}.kt-info-box13610_c74059-52 .kt-blocks-info-box-media{color:var(--global-palette1, #3182CE);background:#ffffff;border-color:#444444;border-radius:6px;overflow:hidden;border-top-width:0px;border-right-width:0px;border-bottom-width:0px;border-left-width:0px;padding-top:20px;padding-right:20px;padding-bottom:20px;padding-left:20px;}.kt-info-box13610_c74059-52 .kt-blocks-info-box-media-container{margin-top:-75px;margin-right:0px;margin-bottom:20px;margin-left:0px;}.kt-info-box13610_c74059-52 .kt-blocks-info-box-media .kadence-info-box-image-intrisic img{border-radius:6px;}.kt-info-box13610_c74059-52 .kt-infobox-textcontent h2.kt-blocks-info-box-title{padding-top:0px;padding-right:0px;padding-bottom:0px;padding-left:0px;margin-top:5px;margin-right:0px;margin-bottom:10px;margin-left:0px;}.kt-info-box13610_c74059-52 .kt-infobox-textcontent .kt-blocks-info-box-text{color:var(--global-palette3, #1A202C);}.kt-info-box13610_c74059-52 .kt-blocks-info-box-learnmore{background:transparent;border-width:0px 0px 0px 0px;padding-top:4px;padding-right:8px;padding-bottom:4px;padding-left:8px;margin-top:10px;margin-right:0px;margin-bottom:10px;margin-left:0px;}@media all and (max-width: 1024px){.kt-info-box13610_c74059-52 .kt-blocks-info-box-link-wrap{border-top:1px solid var(--global-palette6, #718096);border-right:1px solid var(--global-palette6, #718096);border-bottom:1px solid var(--global-palette6, #718096);border-left:1px solid var(--global-palette6, #718096);}}@media all and (max-width: 767px){.kt-info-box13610_c74059-52 .kt-blocks-info-box-link-wrap{border-top:1px solid var(--global-palette6, #718096);border-right:1px solid var(--global-palette6, #718096);border-bottom:1px solid var(--global-palette6, #718096);border-left:1px solid var(--global-palette6, #718096);}}<\/style>\n<div class=\"wp-block-kadence-infobox kt-info-box13610_c74059-52\"><span class=\"kt-blocks-info-box-link-wrap info-box-link kt-blocks-info-box-media-align-top kt-info-halign-left\"><div class=\"kt-blocks-info-box-media-container\"><div class=\"kt-blocks-info-box-media kt-info-media-animate-none\"><div class=\"kadence-info-box-icon-container kt-info-icon-animate-none\"><div class=\"kadence-info-box-icon-inner-container\"><span class=\"kb-svg-icon-wrap kb-svg-icon-fas_question-circle kt-info-svg-icon\"><svg viewBox=\"0 0 512 512\"  fill=\"currentColor\" xmlns=\"http:\/\/www.w3.org\/2000\/svg\"  aria-hidden=\"true\"><path d=\"M504 256c0 136.997-111.043 248-248 248S8 392.997 8 256C8 119.083 119.043 8 256 8s248 111.083 248 248zM262.655 90c-54.497 0-89.255 22.957-116.549 63.758-3.536 5.286-2.353 12.415 2.715 16.258l34.699 26.31c5.205 3.947 12.621 3.008 16.665-2.122 17.864-22.658 30.113-35.797 57.303-35.797 20.429 0 45.698 13.148 45.698 32.958 0 14.976-12.363 22.667-32.534 33.976C247.128 238.528 216 254.941 216 296v4c0 6.627 5.373 12 12 12h56c6.627 0 12-5.373 12-12v-1.333c0-28.462 83.186-29.647 83.186-106.667 0-58.002-60.165-102-116.531-102zM256 338c-25.365 0-46 20.635-46 46 0 25.364 20.635 46 46 46s46-20.636 46-46c0-25.365-20.635-46-46-46z\"\/><\/svg><\/span><\/div><\/div><\/div><\/div><div class=\"kt-infobox-textcontent\"><h2 class=\"kt-blocks-info-box-title\">WAS SIE BEI UNS VOR ORT MACHEN K\u00d6NNEN<\/h2><p class=\"kt-blocks-info-box-text\"><span>\u279c<\/span> Beratung zu Kollektionen und Dienstleistungen erhalten<br><span>\u279c<\/span> Muster der Materialien \u201elive\u201c begutachten<br><span>\u279c<\/span> Ihre Bestellung mit unserer Unterst\u00fctzung aufgeben<\/p><\/div><\/span><\/div>\n\n\n<style>.wp-block-kadence-column.kb-section-dir-horizontal > .kt-inside-inner-col > .kt-info-box13610_ce6742-6e .kt-blocks-info-box-link-wrap{max-width:unset;}.kt-info-box13610_ce6742-6e .kt-blocks-info-box-link-wrap{border-top:1px solid var(--global-palette6, #718096);border-right:1px solid var(--global-palette6, #718096);border-bottom:1px solid var(--global-palette6, #718096);border-left:1px solid var(--global-palette6, #718096);border-top-left-radius:6px;border-top-right-radius:6px;border-bottom-right-radius:6px;border-bottom-left-radius:6px;background:#ffffff;padding-top:var(--global-kb-spacing-sm, 1.5rem);padding-right:var(--global-kb-spacing-sm, 1.5rem);padding-bottom:var(--global-kb-spacing-sm, 1.5rem);padding-left:var(--global-kb-spacing-sm, 1.5rem);margin-top:50px;}.kt-info-box13610_ce6742-6e .kadence-info-box-icon-container .kt-info-svg-icon, .kt-info-box13610_ce6742-6e .kt-info-svg-icon-flip, .kt-info-box13610_ce6742-6e .kt-blocks-info-box-number{font-size:60px;}.kt-info-box13610_ce6742-6e .kt-blocks-info-box-media{color:var(--global-palette1, #3182CE);background:#ffffff;border-color:#444444;border-radius:6px;overflow:hidden;border-top-width:0px;border-right-width:0px;border-bottom-width:0px;border-left-width:0px;padding-top:20px;padding-right:20px;padding-bottom:20px;padding-left:20px;}.kt-info-box13610_ce6742-6e .kt-blocks-info-box-media-container{margin-top:-75px;margin-right:0px;margin-bottom:20px;margin-left:0px;}.kt-info-box13610_ce6742-6e .kt-blocks-info-box-media .kadence-info-box-image-intrisic img{border-radius:6px;}.kt-info-box13610_ce6742-6e .kt-infobox-textcontent h2.kt-blocks-info-box-title{padding-top:0px;padding-right:0px;padding-bottom:0px;padding-left:0px;margin-top:5px;margin-right:0px;margin-bottom:10px;margin-left:0px;}.kt-info-box13610_ce6742-6e .kt-infobox-textcontent .kt-blocks-info-box-text{color:var(--global-palette3, #1A202C);}.kt-info-box13610_ce6742-6e .kt-blocks-info-box-learnmore{background:transparent;border-width:0px 0px 0px 0px;padding-top:4px;padding-right:8px;padding-bottom:4px;padding-left:8px;margin-top:10px;margin-right:0px;margin-bottom:10px;margin-left:0px;}@media all and (max-width: 1024px){.kt-info-box13610_ce6742-6e .kt-blocks-info-box-link-wrap{border-top:1px solid var(--global-palette6, #718096);border-right:1px solid var(--global-palette6, #718096);border-bottom:1px solid var(--global-palette6, #718096);border-left:1px solid var(--global-palette6, #718096);}}@media all and (max-width: 767px){.kt-info-box13610_ce6742-6e .kt-blocks-info-box-link-wrap{border-top:1px solid var(--global-palette6, #718096);border-right:1px solid var(--global-palette6, #718096);border-bottom:1px solid var(--global-palette6, #718096);border-left:1px solid var(--global-palette6, #718096);}}<\/style>\n<div class=\"wp-block-kadence-infobox kt-info-box13610_ce6742-6e\"><span class=\"kt-blocks-info-box-link-wrap info-box-link kt-blocks-info-box-media-align-top kt-info-halign-left\"><div class=\"kt-blocks-info-box-media-container\"><div class=\"kt-blocks-info-box-media kt-info-media-animate-none\"><div class=\"kadence-info-box-icon-container kt-info-icon-animate-none\"><div class=\"kadence-info-box-icon-inner-container\"><span class=\"kb-svg-icon-wrap kb-svg-icon-ic_warning kt-info-svg-icon\"><svg viewBox=\"0 0 8 8\"  fill=\"currentColor\" xmlns=\"http:\/\/www.w3.org\/2000\/svg\"  aria-hidden=\"true\"><path d=\"M3.09 0c-.06 0-.1.04-.13.09l-2.94 6.81c-.02.05-.03.13-.03.19v.81c0 .05.04.09.09.09h6.81c.05 0 .09-.04.09-.09v-.81c0-.05-.01-.14-.03-.19l-2.94-6.81c-.02-.05-.07-.09-.13-.09h-.81zm-.09 3h1v2h-1v-2zm0 3h1v1h-1v-1z\"\/><\/svg><\/span><\/div><\/div><\/div><\/div><div class=\"kt-infobox-textcontent\"><h2 class=\"kt-blocks-info-box-title\">HINWEIS<\/h2><p class=\"kt-blocks-info-box-text\">In unserer Niederlassung ist nicht die vollst\u00e4ndige Produktpalette ausgestellt.<\/p><\/div><\/span><\/div>\n<\/div><\/div>\n\n\n<style>.kadence-column13610_91bf5e-09 > .kt-inside-inner-col{padding-top:var(--global-kb-spacing-xs, 1rem);}.kadence-column13610_91bf5e-09 > .kt-inside-inner-col,.kadence-column13610_91bf5e-09 > .kt-inside-inner-col:before{border-top-left-radius:0px;border-top-right-radius:0px;border-bottom-right-radius:0px;border-bottom-left-radius:0px;}.kadence-column13610_91bf5e-09 > .kt-inside-inner-col{column-gap:var(--global-kb-gap-sm, 1rem);}.kadence-column13610_91bf5e-09 > .kt-inside-inner-col{flex-direction:column;}.kadence-column13610_91bf5e-09 > .kt-inside-inner-col > .aligncenter{width:100%;}.kadence-column13610_91bf5e-09 > .kt-inside-inner-col:before{opacity:0.3;}.kadence-column13610_91bf5e-09{position:relative;}.kadence-column13610_91bf5e-09, .kt-inside-inner-col > .kadence-column13610_91bf5e-09:not(.specificity){margin-top:-35px;}@media all and (max-width: 1024px){.kadence-column13610_91bf5e-09 > .kt-inside-inner-col{flex-direction:column;justify-content:center;}}@media all and (max-width: 1024px){.kadence-column13610_91bf5e-09, .kt-inside-inner-col > .kadence-column13610_91bf5e-09:not(.specificity){margin-top:0px;}}@media all and (max-width: 767px){.kadence-column13610_91bf5e-09 > .kt-inside-inner-col{flex-direction:column;justify-content:center;}}<\/style>\n<div class=\"wp-block-kadence-column kadence-column13610_91bf5e-09 kb-section-dir-vertical inner-column-1\"><div class=\"kt-inside-inner-col\">\n<!-- Calendly inline widget begin -->\n<div class=\"calendly-inline-widget\" data-url=\"https:\/\/calendly.com\/marzorati_mobili\/richiesta-di-appuntamento-in-fabbrica?hide_event_type_details=1&#038;hide_gdpr_banner=1\" style=\"min-width:320px;height:700px;\"><\/div>\n<script type=\"text\/javascript\" src=\"https:\/\/assets.calendly.com\/assets\/external\/widget.js\" async><\/script>\n<!-- Calendly inline widget end -->\n<\/div><\/div>\n\n<\/div><\/div>","protected":false},"excerpt":{"rendered":"<p>ANFRAGE F\u00dcR EINEN TERMIN Treffen vereinbaren Nach vorheriger Vereinbarung k\u00f6nnen Sie uns in unserem B\u00fcro in Figino Serenza (Italien) gemeinsam mit einem unserer Vertriebsmitarbeiter oder Berater besuchen.<\/p>\n","protected":false},"author":1,"featured_media":13612,"parent":0,"menu_order":0,"comment_status":"open","ping_status":"open","template":"","meta":{"_kad_blocks_custom_css":"","_kad_blocks_head_custom_js":"","_kad_blocks_body_custom_js":"","_kad_blocks_footer_custom_js":"","_kad_post_transparent":"","_kad_post_title":"hide","_kad_post_layout":"fullwidth","_kad_post_sidebar_id":"","_kad_post_content_style":"unboxed","_kad_post_vertical_padding":"hide","_kad_post_feature":"hide","_kad_post_feature_position":"","_kad_post_header":false,"_kad_post_footer":false,"_kad_post_classname":"","footnotes":""},"class_list":["post-13610","page","type-page","status-publish","has-post-thumbnail","hentry"],"taxonomy_info":[],"featured_image_src_large":["https:\/\/marzorati.com\/wp-content\/uploads\/2024\/08\/appuntamento-1024x320.webp",1024,320,true],"author_info":{"display_name":"admin","author_link":"https:\/\/marzorati.com\/de\/author\/admin6276\/"},"comment_info":0,"_links":{"self":[{"href":"https:\/\/marzorati.com\/de\/wp-json\/wp\/v2\/pages\/13610","targetHints":{"allow":["GET"]}}],"collection":[{"href":"https:\/\/marzorati.com\/de\/wp-json\/wp\/v2\/pages"}],"about":[{"href":"https:\/\/marzorati.com\/de\/wp-json\/wp\/v2\/types\/page"}],"author":[{"embeddable":true,"href":"https:\/\/marzorati.com\/de\/wp-json\/wp\/v2\/users\/1"}],"replies":[{"embeddable":true,"href":"https:\/\/marzorati.com\/de\/wp-json\/wp\/v2\/comments?post=13610"}],"version-history":[{"count":0,"href":"https:\/\/marzorati.com\/de\/wp-json\/wp\/v2\/pages\/13610\/revisions"}],"wp:featuredmedia":[{"embeddable":true,"href":"https:\/\/marzorati.com\/de\/wp-json\/wp\/v2\/media\/13612"}],"wp:attachment":[{"href":"https:\/\/marzorati.com\/de\/wp-json\/wp\/v2\/media?parent=13610"}],"curies":[{"name":"wp","href":"https:\/\/api.w.org\/{rel}","templated":true}]}}