{"id":13988,"date":"2024-10-02T11:47:07","date_gmt":"2024-10-02T09:47:07","guid":{"rendered":"https:\/\/marzorati.com\/?post_type=product&#038;p=13988"},"modified":"2025-06-22T18:17:47","modified_gmt":"2025-06-22T16:17:47","slug":"luxurioeser-klassischer-barhocker-aus-gruenem-leder-und-holz-mit-rueckenlehne","status":"publish","type":"product","link":"https:\/\/marzorati.com\/de\/produkt\/luxurioeser-klassischer-barhocker-aus-gruenem-leder-und-holz-mit-rueckenlehne\/","title":{"rendered":"Luxuri\u00f6ser klassischer Barhocker aus gr\u00fcnem Leder und Holz mit R\u00fcckenlehne"},"content":{"rendered":"","protected":false},"excerpt":{"rendered":"<p><i class=\"fa-solid fa-circle-info\"><\/i> cm.: 52B x 59T x 106H<\/p>\n<p>Luxuri\u00f6ser Barhocker im klassischen Stil mit Gestell aus Buchenholz und drehbarem Sitz.<br \/>\nDie Polsterung besteht aus elastischen Gurten und hochwertigem Schaumstoff. Der Bezug unterstreicht die Exklusivit\u00e4t dieses Modells und betont sein umh\u00fcllendes Design: Das Leder aus pflanzlich gegerbtem Bullenleder verleiht eine zur\u00fcckhaltende Eleganz. Der markante Zweiton-Effekt ist das Erkennungsmerkmal dieser zeitlosen, edlen Lederqualit\u00e4t.<\/p>\n<p>Weitere Lederfarben sind auf Anfrage erh\u00e4ltlich \u2013 bitte kontaktieren Sie unseren Kundenservice.<\/p>\n","protected":false},"featured_media":13990,"comment_status":"closed","ping_status":"closed","template":"","meta":{"_kad_blocks_custom_css":"","_kad_blocks_head_custom_js":"","_kad_blocks_body_custom_js":"","_kad_blocks_footer_custom_js":"","_kad_post_transparent":"default","_kad_post_title":"","_kad_post_layout":"default","_kad_post_sidebar_id":"","_kad_post_content_style":"default","_kad_post_vertical_padding":"default","_kad_post_feature":"","_kad_post_feature_position":"","_kad_post_header":false,"_kad_post_footer":false,"_kad_post_classname":""},"product_brand":[],"product_cat":[566,539],"product_tag":[],"class_list":{"0":"post-13988","1":"product","2":"type-product","3":"status-publish","4":"has-post-thumbnail","6":"product_cat-barhocker","7":"product_cat-wohnzimmer","9":"first","10":"instock","11":"shipping-taxable","12":"product-type-simple","13":"entry","14":"content-bg","15":"loop-entry"},"taxonomy_info":{"product_cat":[{"value":566,"label":"Barhocker"},{"value":539,"label":"Wohnzimmer"}]},"featured_image_src_large":["https:\/\/marzorati.com\/wp-content\/uploads\/2024\/10\/sgabello-verde-1024x1024.webp",1024,1024,true],"author_info":[],"comment_info":0,"_links":{"self":[{"href":"https:\/\/marzorati.com\/de\/wp-json\/wp\/v2\/product\/13988","targetHints":{"allow":["GET"]}}],"collection":[{"href":"https:\/\/marzorati.com\/de\/wp-json\/wp\/v2\/product"}],"about":[{"href":"https:\/\/marzorati.com\/de\/wp-json\/wp\/v2\/types\/product"}],"replies":[{"embeddable":true,"href":"https:\/\/marzorati.com\/de\/wp-json\/wp\/v2\/comments?post=13988"}],"wp:featuredmedia":[{"embeddable":true,"href":"https:\/\/marzorati.com\/de\/wp-json\/wp\/v2\/media\/13990"}],"wp:attachment":[{"href":"https:\/\/marzorati.com\/de\/wp-json\/wp\/v2\/media?parent=13988"}],"wp:term":[{"taxonomy":"product_brand","embeddable":true,"href":"https:\/\/marzorati.com\/de\/wp-json\/wp\/v2\/product_brand?post=13988"},{"taxonomy":"product_cat","embeddable":true,"href":"https:\/\/marzorati.com\/de\/wp-json\/wp\/v2\/product_cat?post=13988"},{"taxonomy":"product_tag","embeddable":true,"href":"https:\/\/marzorati.com\/de\/wp-json\/wp\/v2\/product_tag?post=13988"}],"curies":[{"name":"wp","href":"https:\/\/api.w.org\/{rel}","templated":true}]}}