{"id":14457,"date":"2024-08-09T07:04:06","date_gmt":"2024-08-09T05:04:06","guid":{"rendered":"https:\/\/marzorati.com\/product\/chesterfield-ledersessel\/"},"modified":"2025-08-08T14:45:21","modified_gmt":"2025-08-08T12:45:21","slug":"chesterfield-ledersessel","status":"publish","type":"product","link":"https:\/\/marzorati.com\/de\/produkt\/chesterfield-ledersessel\/","title":{"rendered":"Chesterfield Ledersessel"},"content":{"rendered":"","protected":false},"excerpt":{"rendered":"<p><i class=\"fa-solid fa-circle-info\"><\/i> cm: 113B x 93T x 75H<\/p>\n<p style=\"text-align: justify;\">Handwerklich ausgef\u00fchrte Kapitonierung f\u00fcr einen Sessel, der Liebhaber klassischer und zeitloser Linien begeistert. Das Design ist inspiriert von den prestigetr\u00e4chtigen englischen Chesterfield-Sofas des fr\u00fchen 20. Jahrhunderts.<\/p>\n<p style=\"text-align: justify;\">Ausgestattet mit einem stabilen Gestell aus Buchen- und Pappelholz. Die Federung besteht aus Stahl-Bikonusfedern und elastischen Gurten; das Sitzkissen ist mit G\u00e4nsedaunen und einem Einsatz aus Polyurethanschaum gepolstert.<br \/>\nDas verwendete Leder ist von <strong>h\u00f6chster Qualit\u00e4t<\/strong> und in verschiedenen Farben erh\u00e4ltlich.<\/p>\n<p><strong>Optional<\/strong> k\u00f6nnen die Armlehnen mit dekorativen Metalln\u00e4geln in unterschiedlichen Farben verziert werden.<\/p>\n","protected":false},"featured_media":21120,"comment_status":"closed","ping_status":"closed","template":"","meta":{"_kad_blocks_custom_css":"","_kad_blocks_head_custom_js":"","_kad_blocks_body_custom_js":"","_kad_blocks_footer_custom_js":"","_kad_post_transparent":"default","_kad_post_title":"","_kad_post_layout":"default","_kad_post_sidebar_id":"","_kad_post_content_style":"default","_kad_post_vertical_padding":"default","_kad_post_feature":"","_kad_post_feature_position":"","_kad_post_header":false,"_kad_post_footer":false,"_kad_post_classname":""},"product_brand":[],"product_cat":[559,569,539],"product_tag":[577],"class_list":{"0":"post-14457","1":"product","2":"type-product","3":"status-publish","4":"has-post-thumbnail","6":"product_cat-chesterfield-sofas-de","7":"product_cat-sofas-de","8":"product_cat-wohnzimmer","9":"product_tag-chesterfield-de","11":"first","12":"instock","13":"shipping-taxable","14":"product-type-simple","15":"entry","16":"content-bg","17":"loop-entry"},"taxonomy_info":{"product_cat":[{"value":559,"label":"Chesterfield-Sofas"},{"value":569,"label":"Sofas"},{"value":539,"label":"Wohnzimmer"}],"product_tag":[{"value":577,"label":"Chesterfield"}]},"featured_image_src_large":["https:\/\/marzorati.com\/wp-content\/uploads\/2025\/08\/green-leather-chesterfield-armchair-1024x1024.webp",1024,1024,true],"author_info":[],"comment_info":0,"_links":{"self":[{"href":"https:\/\/marzorati.com\/de\/wp-json\/wp\/v2\/product\/14457","targetHints":{"allow":["GET"]}}],"collection":[{"href":"https:\/\/marzorati.com\/de\/wp-json\/wp\/v2\/product"}],"about":[{"href":"https:\/\/marzorati.com\/de\/wp-json\/wp\/v2\/types\/product"}],"replies":[{"embeddable":true,"href":"https:\/\/marzorati.com\/de\/wp-json\/wp\/v2\/comments?post=14457"}],"wp:featuredmedia":[{"embeddable":true,"href":"https:\/\/marzorati.com\/de\/wp-json\/wp\/v2\/media\/21120"}],"wp:attachment":[{"href":"https:\/\/marzorati.com\/de\/wp-json\/wp\/v2\/media?parent=14457"}],"wp:term":[{"taxonomy":"product_brand","embeddable":true,"href":"https:\/\/marzorati.com\/de\/wp-json\/wp\/v2\/product_brand?post=14457"},{"taxonomy":"product_cat","embeddable":true,"href":"https:\/\/marzorati.com\/de\/wp-json\/wp\/v2\/product_cat?post=14457"},{"taxonomy":"product_tag","embeddable":true,"href":"https:\/\/marzorati.com\/de\/wp-json\/wp\/v2\/product_tag?post=14457"}],"curies":[{"name":"wp","href":"https:\/\/api.w.org\/{rel}","templated":true}]}}