{"id":14475,"date":"2024-08-09T06:53:08","date_gmt":"2024-08-09T04:53:08","guid":{"rendered":"https:\/\/marzorati.com\/product\/agnes-spiegel-mit-18-bluetenblaettern\/"},"modified":"2025-06-19T16:18:43","modified_gmt":"2025-06-19T14:18:43","slug":"agnes-spiegel-mit-18-bluetenblaettern","status":"publish","type":"product","link":"https:\/\/marzorati.com\/de\/produkt\/agnes-spiegel-mit-18-bluetenblaettern\/","title":{"rendered":"AGNES Spiegel mit 18 Bl\u00fctenbl\u00e4ttern"},"content":{"rendered":"","protected":false},"excerpt":{"rendered":"<p>Der Spiegel Ihrer Tr\u00e4ume. Im Einklang mit den Ma\u00dfst\u00e4ben von Tradition und Dekoration pr\u00e4sentiert Marzorati mit der Kollektion Agnes elegante Spiegel mit floralen Motiven, die in echtes Holz geschnitzt sind.<\/p>\n<p><i class=\"fa-solid fa-circle-info\"><\/i> cm: 130 x 130<\/p>\n","protected":false},"featured_media":14476,"comment_status":"closed","ping_status":"closed","template":"","meta":{"_kad_blocks_custom_css":"","_kad_blocks_head_custom_js":"","_kad_blocks_body_custom_js":"","_kad_blocks_footer_custom_js":"","_kad_post_transparent":"","_kad_post_title":"","_kad_post_layout":"","_kad_post_sidebar_id":"","_kad_post_content_style":"","_kad_post_vertical_padding":"","_kad_post_feature":"","_kad_post_feature_position":"","_kad_post_header":false,"_kad_post_footer":false,"_kad_post_classname":""},"product_brand":[],"product_cat":[537,536,535,545,553,557],"product_tag":[571],"class_list":{"0":"post-14475","1":"product","2":"type-product","3":"status-publish","4":"has-post-thumbnail","6":"product_cat-eingangsbereich","7":"product_cat-esszimmer","8":"product_cat-schlafzimmer","9":"product_cat-spiegel","10":"product_cat-spiegel-de","11":"product_cat-spiegel-de-2","12":"product_tag-agnes-de","14":"first","15":"instock","16":"shipping-taxable","17":"product-type-simple","18":"entry","19":"content-bg","20":"loop-entry"},"taxonomy_info":{"product_cat":[{"value":537,"label":"Eingangsbereich"},{"value":536,"label":"Esszimmer"},{"value":535,"label":"Schlafzimmer"},{"value":545,"label":"Spiegel"},{"value":553,"label":"Spiegel"},{"value":557,"label":"Spiegel"}],"product_tag":[{"value":571,"label":"Agnes"}]},"featured_image_src_large":["https:\/\/marzorati.com\/wp-content\/uploads\/2024\/08\/agnes_sp18_a-1024x1024.webp",1024,1024,true],"author_info":[],"comment_info":0,"_links":{"self":[{"href":"https:\/\/marzorati.com\/de\/wp-json\/wp\/v2\/product\/14475","targetHints":{"allow":["GET"]}}],"collection":[{"href":"https:\/\/marzorati.com\/de\/wp-json\/wp\/v2\/product"}],"about":[{"href":"https:\/\/marzorati.com\/de\/wp-json\/wp\/v2\/types\/product"}],"replies":[{"embeddable":true,"href":"https:\/\/marzorati.com\/de\/wp-json\/wp\/v2\/comments?post=14475"}],"wp:featuredmedia":[{"embeddable":true,"href":"https:\/\/marzorati.com\/de\/wp-json\/wp\/v2\/media\/14476"}],"wp:attachment":[{"href":"https:\/\/marzorati.com\/de\/wp-json\/wp\/v2\/media?parent=14475"}],"wp:term":[{"taxonomy":"product_brand","embeddable":true,"href":"https:\/\/marzorati.com\/de\/wp-json\/wp\/v2\/product_brand?post=14475"},{"taxonomy":"product_cat","embeddable":true,"href":"https:\/\/marzorati.com\/de\/wp-json\/wp\/v2\/product_cat?post=14475"},{"taxonomy":"product_tag","embeddable":true,"href":"https:\/\/marzorati.com\/de\/wp-json\/wp\/v2\/product_tag?post=14475"}],"curies":[{"name":"wp","href":"https:\/\/api.w.org\/{rel}","templated":true}]}}