{"id":22815,"date":"2025-10-13T09:38:52","date_gmt":"2025-10-13T07:38:52","guid":{"rendered":"https:\/\/marzorati.com\/product\/handgeschnitzte-kaminverkleidung\/"},"modified":"2025-10-13T11:38:25","modified_gmt":"2025-10-13T09:38:25","slug":"handgeschnitzte-kaminverkleidung","status":"publish","type":"product","link":"https:\/\/marzorati.com\/de\/produkt\/handgeschnitzte-kaminverkleidung\/","title":{"rendered":"Handgeschnitzte Kaminverkleidung"},"content":{"rendered":"","protected":false},"excerpt":{"rendered":"<p>Kaminverkleidung aus Lindenholz, handgeschnitzt und mit Elfenbein-Patina und Blattgold. Italienisches Design f\u00fcr luxuri\u00f6se Innenr\u00e4ume.<br \/>\n<i class=\"fa-solid fa-circle-info\"><\/i> cm.: 150 x 40T x 106H<\/p>\n","protected":false},"featured_media":22808,"comment_status":"closed","ping_status":"closed","template":"","meta":{"_kad_blocks_custom_css":"","_kad_blocks_head_custom_js":"","_kad_blocks_body_custom_js":"","_kad_blocks_footer_custom_js":"","_kad_post_transparent":"default","_kad_post_title":"","_kad_post_layout":"default","_kad_post_sidebar_id":"","_kad_post_content_style":"default","_kad_post_vertical_padding":"default","_kad_post_feature":"","_kad_post_feature_position":"","_kad_post_header":false,"_kad_post_footer":false,"_kad_post_classname":""},"product_brand":[],"product_cat":[689],"product_tag":[],"class_list":{"0":"post-22815","1":"product","2":"type-product","3":"status-publish","4":"has-post-thumbnail","6":"product_cat-kaminverkleidung","8":"first","9":"instock","10":"shipping-taxable","11":"product-type-simple","12":"entry","13":"content-bg","14":"loop-entry"},"taxonomy_info":{"product_cat":[{"value":689,"label":"Kaminverkleidung"}]},"featured_image_src_large":["https:\/\/marzorati.com\/wp-content\/uploads\/2025\/10\/fireplace-mantel-surround-1024x1024.jpg",1024,1024,true],"author_info":[],"comment_info":0,"_links":{"self":[{"href":"https:\/\/marzorati.com\/de\/wp-json\/wp\/v2\/product\/22815","targetHints":{"allow":["GET"]}}],"collection":[{"href":"https:\/\/marzorati.com\/de\/wp-json\/wp\/v2\/product"}],"about":[{"href":"https:\/\/marzorati.com\/de\/wp-json\/wp\/v2\/types\/product"}],"replies":[{"embeddable":true,"href":"https:\/\/marzorati.com\/de\/wp-json\/wp\/v2\/comments?post=22815"}],"wp:featuredmedia":[{"embeddable":true,"href":"https:\/\/marzorati.com\/de\/wp-json\/wp\/v2\/media\/22808"}],"wp:attachment":[{"href":"https:\/\/marzorati.com\/de\/wp-json\/wp\/v2\/media?parent=22815"}],"wp:term":[{"taxonomy":"product_brand","embeddable":true,"href":"https:\/\/marzorati.com\/de\/wp-json\/wp\/v2\/product_brand?post=22815"},{"taxonomy":"product_cat","embeddable":true,"href":"https:\/\/marzorati.com\/de\/wp-json\/wp\/v2\/product_cat?post=22815"},{"taxonomy":"product_tag","embeddable":true,"href":"https:\/\/marzorati.com\/de\/wp-json\/wp\/v2\/product_tag?post=22815"}],"curies":[{"name":"wp","href":"https:\/\/api.w.org\/{rel}","templated":true}]}}