{"id":10087,"date":"2024-10-02T11:47:07","date_gmt":"2024-10-02T09:47:07","guid":{"rendered":"https:\/\/marzorati.com\/?post_type=product&#038;p=10087"},"modified":"2025-06-22T18:17:45","modified_gmt":"2025-06-22T16:17:45","slug":"sgabello-da-bar-in-pelle-verde","status":"publish","type":"product","link":"https:\/\/marzorati.com\/it\/prodotto\/sgabello-da-bar-in-pelle-verde\/","title":{"rendered":"Sgabello da Bar"},"content":{"rendered":"","protected":false},"excerpt":{"rendered":"<p><i class=\"fa-solid fa-circle-info\"><\/i> cm.: 52L x 59P x 106H<\/p>\n<p>Lussuoso sgabello da bar in stile classico con struttura in legno di faggio e seduta girevole. \u00c8 imbottito con gomma poliuretanica a densit\u00e0 differenziata di qualit\u00e0 superiore. Il rivestimento in vera pelle esalta particolarmente la lussuosit\u00e0 di questo modello e ne sottolinea il design avvolgente: la pelle di origine bovina conciata in Italia riflette un&#8217;eleganza riservata; il forte effetto bicolore \u00e8 il segno distintivo della sobriet\u00e0 di questa pelle senza tempo. Sono disponibili altri colori di pelle, contattando il nostro servizio clienti.<\/p>\n","protected":false},"featured_media":10091,"comment_status":"closed","ping_status":"closed","template":"","meta":{"_kad_blocks_custom_css":"","_kad_blocks_head_custom_js":"","_kad_blocks_body_custom_js":"","_kad_blocks_footer_custom_js":"","_kad_post_transparent":"default","_kad_post_title":"","_kad_post_layout":"default","_kad_post_sidebar_id":"","_kad_post_content_style":"default","_kad_post_vertical_padding":"default","_kad_post_feature":"","_kad_post_feature_position":"","_kad_post_header":false,"_kad_post_footer":false,"_kad_post_classname":""},"product_brand":[],"product_cat":[481,312],"product_tag":[],"class_list":{"0":"post-10087","1":"product","2":"type-product","3":"status-publish","4":"has-post-thumbnail","6":"product_cat-sgabelli-da-bar","7":"product_cat-soggiorno","9":"first","10":"instock","11":"shipping-taxable","12":"product-type-simple","13":"entry","14":"content-bg","15":"loop-entry"},"taxonomy_info":{"product_cat":[{"value":481,"label":"Sgabelli da bar"},{"value":312,"label":"Soggiorno"}]},"featured_image_src_large":["https:\/\/marzorati.com\/wp-content\/uploads\/2024\/10\/sgabello-verde-1024x1024.webp",1024,1024,true],"author_info":[],"comment_info":20,"_links":{"self":[{"href":"https:\/\/marzorati.com\/it\/wp-json\/wp\/v2\/product\/10087","targetHints":{"allow":["GET"]}}],"collection":[{"href":"https:\/\/marzorati.com\/it\/wp-json\/wp\/v2\/product"}],"about":[{"href":"https:\/\/marzorati.com\/it\/wp-json\/wp\/v2\/types\/product"}],"replies":[{"embeddable":true,"href":"https:\/\/marzorati.com\/it\/wp-json\/wp\/v2\/comments?post=10087"}],"wp:featuredmedia":[{"embeddable":true,"href":"https:\/\/marzorati.com\/it\/wp-json\/wp\/v2\/media\/10091"}],"wp:attachment":[{"href":"https:\/\/marzorati.com\/it\/wp-json\/wp\/v2\/media?parent=10087"}],"wp:term":[{"taxonomy":"product_brand","embeddable":true,"href":"https:\/\/marzorati.com\/it\/wp-json\/wp\/v2\/product_brand?post=10087"},{"taxonomy":"product_cat","embeddable":true,"href":"https:\/\/marzorati.com\/it\/wp-json\/wp\/v2\/product_cat?post=10087"},{"taxonomy":"product_tag","embeddable":true,"href":"https:\/\/marzorati.com\/it\/wp-json\/wp\/v2\/product_tag?post=10087"}],"curies":[{"name":"wp","href":"https:\/\/api.w.org\/{rel}","templated":true}]}}