{"id":14133,"date":"2025-05-28T10:16:05","date_gmt":"2025-05-28T08:16:05","guid":{"rendered":"https:\/\/marzorati.com\/?post_type=product&#038;p=14133"},"modified":"2025-05-28T10:33:01","modified_gmt":"2025-05-28T08:33:01","slug":"sgabello-da-bar-elegante","status":"publish","type":"product","link":"https:\/\/marzorati.com\/it\/prodotto\/sgabello-da-bar-elegante\/","title":{"rendered":"Sgabello da Bar Luigi XVI"},"content":{"rendered":"","protected":false},"excerpt":{"rendered":"<p><i class=\"fa-solid fa-circle-info\"><\/i> cm.: 46L x 54P x 113H<br \/>\n<i class=\"fa-solid fa-circle-info\" style=\"color: #ffffff;\"><\/i> altezza seduta: cm. 81<\/p>\n<p>Sgabello bar in stile Luigi XVI con struttura in legno di faggio. \u00c8 imbottito con gomma poliuretanica a densit\u00e0 differenziata di qualit\u00e0 superiore. Il rivestimento, disponibile in tessuto o in vera pelle, ne esalta la lussuosit\u00e0 e sottolinea il design intramontabile.<\/p>\n","protected":false},"featured_media":13936,"comment_status":"closed","ping_status":"closed","template":"","meta":{"_kad_blocks_custom_css":"","_kad_blocks_head_custom_js":"","_kad_blocks_body_custom_js":"","_kad_blocks_footer_custom_js":"","_kad_post_transparent":"default","_kad_post_title":"","_kad_post_layout":"default","_kad_post_sidebar_id":"","_kad_post_content_style":"default","_kad_post_vertical_padding":"default","_kad_post_feature":"","_kad_post_feature_position":"","_kad_post_header":false,"_kad_post_footer":false,"_kad_post_classname":""},"product_brand":[],"product_cat":[481,312],"product_tag":[],"class_list":{"0":"post-14133","1":"product","2":"type-product","3":"status-publish","4":"has-post-thumbnail","6":"product_cat-sgabelli-da-bar","7":"product_cat-soggiorno","9":"first","10":"instock","11":"shipping-taxable","12":"product-type-simple","13":"entry","14":"content-bg","15":"loop-entry"},"taxonomy_info":{"product_cat":[{"value":481,"label":"Sgabelli da bar"},{"value":312,"label":"Soggiorno"}]},"featured_image_src_large":["https:\/\/marzorati.com\/wp-content\/uploads\/2025\/05\/elegant-bar-stool-1024x1024.webp",1024,1024,true],"author_info":[],"comment_info":0,"_links":{"self":[{"href":"https:\/\/marzorati.com\/it\/wp-json\/wp\/v2\/product\/14133","targetHints":{"allow":["GET"]}}],"collection":[{"href":"https:\/\/marzorati.com\/it\/wp-json\/wp\/v2\/product"}],"about":[{"href":"https:\/\/marzorati.com\/it\/wp-json\/wp\/v2\/types\/product"}],"replies":[{"embeddable":true,"href":"https:\/\/marzorati.com\/it\/wp-json\/wp\/v2\/comments?post=14133"}],"wp:featuredmedia":[{"embeddable":true,"href":"https:\/\/marzorati.com\/it\/wp-json\/wp\/v2\/media\/13936"}],"wp:attachment":[{"href":"https:\/\/marzorati.com\/it\/wp-json\/wp\/v2\/media?parent=14133"}],"wp:term":[{"taxonomy":"product_brand","embeddable":true,"href":"https:\/\/marzorati.com\/it\/wp-json\/wp\/v2\/product_brand?post=14133"},{"taxonomy":"product_cat","embeddable":true,"href":"https:\/\/marzorati.com\/it\/wp-json\/wp\/v2\/product_cat?post=14133"},{"taxonomy":"product_tag","embeddable":true,"href":"https:\/\/marzorati.com\/it\/wp-json\/wp\/v2\/product_tag?post=14133"}],"curies":[{"name":"wp","href":"https:\/\/api.w.org\/{rel}","templated":true}]}}